{"id":38067,"date":"2025-10-08T20:09:38","date_gmt":"2025-10-08T20:09:38","guid":{"rendered":"https:\/\/macatobiano.org\/?page_id=38067"},"modified":"2025-11-23T21:22:10","modified_gmt":"2025-11-23T21:22:10","slug":"newsletter","status":"publish","type":"page","link":"https:\/\/macatobiano.org\/es\/nosotros\/newsletter\/","title":{"rendered":"Newsletter"},"content":{"rendered":"\t\t<div data-elementor-type=\"wp-page\" data-elementor-id=\"38067\" class=\"elementor elementor-38067\" data-elementor-post-type=\"page\">\n\t\t\t\t<div class=\"elementor-element elementor-element-f95343b header-pages e-flex e-con-boxed e-con e-child\" data-id=\"f95343b\" data-element_type=\"container\" data-e-type=\"container\" data-settings=\"{&quot;background_background&quot;:&quot;classic&quot;,&quot;jet_parallax_layout_list&quot;:[]}\">\n\t\t\t\t\t<div class=\"e-con-inner\">\n\t\t<div class=\"elementor-element elementor-element-9307108 e-con-full e-flex e-con e-child\" data-id=\"9307108\" data-element_type=\"container\" data-e-type=\"container\" data-settings=\"{&quot;jet_parallax_layout_list&quot;:[]}\">\n\t\t\t\t<div class=\"elementor-element elementor-element-26b8529 elementor-invisible elementor-widget elementor-widget-text-editor\" data-id=\"26b8529\" data-element_type=\"widget\" data-e-type=\"widget\" data-settings=\"{&quot;_animation&quot;:&quot;fadeIn&quot;}\" data-widget_type=\"text-editor.default\">\n\t\t\t\t\t\t\t\t\tFundaci\u00f3n Mac\u00e1 Tobiano\t\t\t\t\t\t\t\t<\/div>\n\t\t\t\t<\/div>\n\t\t<div class=\"elementor-element elementor-element-6a703ba e-grid e-con-full e-con e-child\" data-id=\"6a703ba\" data-element_type=\"container\" data-e-type=\"container\" data-settings=\"{&quot;jet_parallax_layout_list&quot;:[]}\">\n\t\t<div class=\"elementor-element elementor-element-a1bca6a e-con-full e-transform e-flex elementor-invisible e-con e-child\" data-id=\"a1bca6a\" data-element_type=\"container\" data-e-type=\"container\" data-settings=\"{&quot;background_background&quot;:&quot;classic&quot;,&quot;animation&quot;:&quot;zoomIn&quot;,&quot;_transform_rotateZ_effect&quot;:{&quot;unit&quot;:&quot;px&quot;,&quot;size&quot;:-5,&quot;sizes&quot;:[]},&quot;animation_delay&quot;:75,&quot;jet_parallax_layout_list&quot;:[],&quot;_transform_rotateZ_effect_widescreen&quot;:{&quot;unit&quot;:&quot;deg&quot;,&quot;size&quot;:&quot;&quot;,&quot;sizes&quot;:[]},&quot;_transform_rotateZ_effect_laptop&quot;:{&quot;unit&quot;:&quot;deg&quot;,&quot;size&quot;:&quot;&quot;,&quot;sizes&quot;:[]},&quot;_transform_rotateZ_effect_tablet_extra&quot;:{&quot;unit&quot;:&quot;deg&quot;,&quot;size&quot;:&quot;&quot;,&quot;sizes&quot;:[]},&quot;_transform_rotateZ_effect_tablet&quot;:{&quot;unit&quot;:&quot;deg&quot;,&quot;size&quot;:&quot;&quot;,&quot;sizes&quot;:[]},&quot;_transform_rotateZ_effect_mobile_extra&quot;:{&quot;unit&quot;:&quot;deg&quot;,&quot;size&quot;:&quot;&quot;,&quot;sizes&quot;:[]},&quot;_transform_rotateZ_effect_mobile&quot;:{&quot;unit&quot;:&quot;deg&quot;,&quot;size&quot;:&quot;&quot;,&quot;sizes&quot;:[]}}\">\n\t\t<div class=\"elementor-element elementor-element-f4a40e7 e-con-full e-flex e-con e-child\" data-id=\"f4a40e7\" data-element_type=\"container\" data-e-type=\"container\" data-settings=\"{&quot;background_background&quot;:&quot;classic&quot;,&quot;jet_parallax_layout_list&quot;:[]}\">\n\t\t\t\t<div class=\"elementor-element elementor-element-e667956 elementor-widget elementor-widget-image\" data-id=\"e667956\" data-element_type=\"widget\" data-e-type=\"widget\" data-widget_type=\"image.default\">\n\t\t\t\t\t\t\t\t\t\t\t\t\t\t\t<img decoding=\"async\" src=\"https:\/\/macatobiano.org\/wp-content\/uploads\/elementor\/thumbs\/07-Divulgacion-Gonzalo-Pardo-r8iv0nd4it7iyrr5bg6byqeth4guovktv4mrnovm6s.webp\" title=\"07 Divulgacion Gonzalo Pardo\" alt=\"Gonzalo Pardo\" loading=\"lazy\" \/>\t\t\t\t\t\t\t\t\t\t\t\t\t\t\t<\/div>\n\t\t\t\t<div class=\"elementor-element elementor-element-b645114 elementor-absolute elementor-widget elementor-widget-text-editor\" data-id=\"b645114\" data-element_type=\"widget\" data-e-type=\"widget\" data-settings=\"{&quot;_position&quot;:&quot;absolute&quot;}\" data-widget_type=\"text-editor.default\">\n\t\t\t\t\t\t\t\t\t\u00a9 Gonzalo Pardo\t\t\t\t\t\t\t\t<\/div>\n\t\t\t\t<\/div>\n\t\t\t\t<\/div>\n\t\t<div class=\"elementor-element elementor-element-2d4e5ef e-con-full e-transform e-flex elementor-invisible e-con e-child\" data-id=\"2d4e5ef\" data-element_type=\"container\" data-e-type=\"container\" data-settings=\"{&quot;background_background&quot;:&quot;classic&quot;,&quot;animation&quot;:&quot;zoomIn&quot;,&quot;animation_delay&quot;:150,&quot;_transform_rotateZ_effect&quot;:{&quot;unit&quot;:&quot;px&quot;,&quot;size&quot;:5,&quot;sizes&quot;:[]},&quot;jet_parallax_layout_list&quot;:[],&quot;_transform_rotateZ_effect_widescreen&quot;:{&quot;unit&quot;:&quot;deg&quot;,&quot;size&quot;:&quot;&quot;,&quot;sizes&quot;:[]},&quot;_transform_rotateZ_effect_laptop&quot;:{&quot;unit&quot;:&quot;deg&quot;,&quot;size&quot;:&quot;&quot;,&quot;sizes&quot;:[]},&quot;_transform_rotateZ_effect_tablet_extra&quot;:{&quot;unit&quot;:&quot;deg&quot;,&quot;size&quot;:&quot;&quot;,&quot;sizes&quot;:[]},&quot;_transform_rotateZ_effect_tablet&quot;:{&quot;unit&quot;:&quot;deg&quot;,&quot;size&quot;:&quot;&quot;,&quot;sizes&quot;:[]},&quot;_transform_rotateZ_effect_mobile_extra&quot;:{&quot;unit&quot;:&quot;deg&quot;,&quot;size&quot;:&quot;&quot;,&quot;sizes&quot;:[]},&quot;_transform_rotateZ_effect_mobile&quot;:{&quot;unit&quot;:&quot;deg&quot;,&quot;size&quot;:&quot;&quot;,&quot;sizes&quot;:[]}}\">\n\t\t<div class=\"elementor-element elementor-element-3aa7374 e-con-full e-flex e-con e-child\" data-id=\"3aa7374\" data-element_type=\"container\" data-e-type=\"container\" data-settings=\"{&quot;background_background&quot;:&quot;classic&quot;,&quot;jet_parallax_layout_list&quot;:[]}\">\n\t\t\t\t<div class=\"elementor-element elementor-element-fae5d3d elementor-widget elementor-widget-image\" data-id=\"fae5d3d\" data-element_type=\"widget\" data-e-type=\"widget\" data-widget_type=\"image.default\">\n\t\t\t\t\t\t\t\t\t\t\t\t\t\t\t<img decoding=\"async\" src=\"https:\/\/macatobiano.org\/wp-content\/uploads\/elementor\/thumbs\/newMedios143-25-04-24-Gonzalo-Pardo-r8j00b8ktt5k3ks77ly71w9l1gxiy5tu8dmuwohmvo.webp\" title=\"newMedios143 25-04-24 Gonzalo Pardo\" alt=\"Gonzalo Pardo\" loading=\"lazy\" \/>\t\t\t\t\t\t\t\t\t\t\t\t\t\t\t<\/div>\n\t\t\t\t<div class=\"elementor-element elementor-element-1a16dbb elementor-absolute elementor-widget elementor-widget-text-editor\" data-id=\"1a16dbb\" data-element_type=\"widget\" data-e-type=\"widget\" data-settings=\"{&quot;_position&quot;:&quot;absolute&quot;}\" data-widget_type=\"text-editor.default\">\n\t\t\t\t\t\t\t\t\t\u00a9 Gonzalo Pardo\t\t\t\t\t\t\t\t<\/div>\n\t\t\t\t<\/div>\n\t\t\t\t<\/div>\n\t\t\t\t<\/div>\n\t\t\t\t\t<\/div>\n\t\t\t\t<\/div>\n\t\t<div class=\"elementor-element elementor-element-3d589e9 e-con-full fixed-background  e-flex e-con e-child\" data-id=\"3d589e9\" data-element_type=\"container\" data-e-type=\"container\" data-settings=\"{&quot;background_background&quot;:&quot;classic&quot;,&quot;shape_divider_bottom&quot;:&quot;waves&quot;,&quot;shape_divider_top&quot;:&quot;waves&quot;,&quot;jet_parallax_layout_list&quot;:[]}\">\n\t\t\t\t<div class=\"elementor-shape elementor-shape-top\" aria-hidden=\"true\" data-negative=\"false\">\n\t\t\t<svg xmlns=\"http:\/\/www.w3.org\/2000\/svg\" viewBox=\"0 0 1000 100\" preserveAspectRatio=\"none\">\n\t<path class=\"elementor-shape-fill\" d=\"M421.9,6.5c22.6-2.5,51.5,0.4,75.5,5.3c23.6,4.9,70.9,23.5,100.5,35.7c75.8,32.2,133.7,44.5,192.6,49.7\n\tc23.6,2.1,48.7,3.5,103.4-2.5c54.7-6,106.2-25.6,106.2-25.6V0H0v30.3c0,0,72,32.6,158.4,30.5c39.2-0.7,92.8-6.7,134-22.4\n\tc21.2-8.1,52.2-18.2,79.7-24.2C399.3,7.9,411.6,7.5,421.9,6.5z\"\/>\n<\/svg>\t\t<\/div>\n\t\t\t\t<div class=\"elementor-shape elementor-shape-bottom\" aria-hidden=\"true\" data-negative=\"false\">\n\t\t\t<svg xmlns=\"http:\/\/www.w3.org\/2000\/svg\" viewBox=\"0 0 1000 100\" preserveAspectRatio=\"none\">\n\t<path class=\"elementor-shape-fill\" d=\"M421.9,6.5c22.6-2.5,51.5,0.4,75.5,5.3c23.6,4.9,70.9,23.5,100.5,35.7c75.8,32.2,133.7,44.5,192.6,49.7\n\tc23.6,2.1,48.7,3.5,103.4-2.5c54.7-6,106.2-25.6,106.2-25.6V0H0v30.3c0,0,72,32.6,158.4,30.5c39.2-0.7,92.8-6.7,134-22.4\n\tc21.2-8.1,52.2-18.2,79.7-24.2C399.3,7.9,411.6,7.5,421.9,6.5z\"\/>\n<\/svg>\t\t<\/div>\n\t\t<div class=\"elementor-element elementor-element-10b9381 e-flex e-con-boxed e-con e-child\" data-id=\"10b9381\" data-element_type=\"container\" data-e-type=\"container\" data-settings=\"{&quot;jet_parallax_layout_list&quot;:[]}\">\n\t\t\t\t\t<div class=\"e-con-inner\">\n\t\t<div class=\"elementor-element elementor-element-c81c45c e-con-full glass10 animated-slow e-flex elementor-invisible e-con e-child\" data-id=\"c81c45c\" data-element_type=\"container\" data-e-type=\"container\" data-settings=\"{&quot;background_background&quot;:&quot;classic&quot;,&quot;jet_parallax_layout_list&quot;:[],&quot;animation&quot;:&quot;fadeIn&quot;}\">\n\t\t<div class=\"elementor-element elementor-element-317853d e-con-full e-flex elementor-invisible e-con e-child\" data-id=\"317853d\" data-element_type=\"container\" data-e-type=\"container\" data-settings=\"{&quot;animation&quot;:&quot;fadeIn&quot;,&quot;animation_delay&quot;:50,&quot;jet_parallax_layout_list&quot;:[]}\">\n\t\t\t\t<div class=\"elementor-element elementor-element-e04720d elementor-widget-tablet_extra__width-initial elementor-widget elementor-widget-text-editor\" data-id=\"e04720d\" data-element_type=\"widget\" data-e-type=\"widget\" data-widget_type=\"text-editor.default\">\n\t\t\t\t\t\t\t\t\t<p>Suscribite para recibir novedades y oportunidades por email.<\/p>\t\t\t\t\t\t\t\t<\/div>\n\t\t\t\t<\/div>\n\t\t\t\t<div class=\"elementor-element elementor-element-95fec19 elementor-button-align-start elementor-widget elementor-widget-form\" data-id=\"95fec19\" data-element_type=\"widget\" data-e-type=\"widget\" data-settings=\"{&quot;step_next_label&quot;:&quot;Siguiente&quot;,&quot;step_previous_label&quot;:&quot;Anterior&quot;,&quot;button_width&quot;:&quot;100&quot;,&quot;step_type&quot;:&quot;number_text&quot;,&quot;step_icon_shape&quot;:&quot;circle&quot;}\" data-widget_type=\"form.default\">\n\t\t\t\t\t\t\t<form class=\"elementor-form\" method=\"post\" >\n\t\t\t<input type=\"hidden\" name=\"post_id\" value=\"38067\"\/>\n\t\t\t<input type=\"hidden\" name=\"form_id\" value=\"95fec19\"\/>\n\t\t\t<input type=\"hidden\" name=\"referer_title\" value=\"Fundaci\u00f3n Mac\u00e1 Tobiano\" \/>\n\n\t\t\t\n\t\t\t<div class=\"elementor-form-fields-wrapper elementor-labels-above\">\n\t\t\t\t\t\t\t\t<div class=\"elementor-field-type-text elementor-field-group elementor-column elementor-field-group-namenewsletter elementor-col-50 elementor-field-required\">\n\t\t\t\t\t\t\t\t\t\t\t\t<label for=\"form-field-namenewsletter\" class=\"elementor-field-label\">\n\t\t\t\t\t\t\t\tNombre\t\t\t\t\t\t\t<\/label>\n\t\t\t\t\t\t\t\t\t\t\t\t\t\t<input size=\"1\" type=\"text\" name=\"form_fields[namenewsletter]\" id=\"form-field-namenewsletter\" class=\"elementor-field elementor-size-md  elementor-field-textual\" placeholder=\"Tu nombre\" required=\"required\">\n\t\t\t\t\t\t\t\t\t\t\t<\/div>\n\t\t\t\t\t\t\t\t<div class=\"elementor-field-type-text elementor-field-group elementor-column elementor-field-group-apellidonewsletter elementor-col-50 elementor-field-required\">\n\t\t\t\t\t\t\t\t\t\t\t\t<label for=\"form-field-apellidonewsletter\" class=\"elementor-field-label\">\n\t\t\t\t\t\t\t\tApellido\t\t\t\t\t\t\t<\/label>\n\t\t\t\t\t\t\t\t\t\t\t\t\t\t<input size=\"1\" type=\"text\" name=\"form_fields[apellidonewsletter]\" id=\"form-field-apellidonewsletter\" class=\"elementor-field elementor-size-md  elementor-field-textual\" placeholder=\"Tu apellido\" required=\"required\">\n\t\t\t\t\t\t\t\t\t\t\t<\/div>\n\t\t\t\t\t\t\t\t<div class=\"elementor-field-type-email elementor-field-group elementor-column elementor-field-group-emailnewsletter elementor-col-100 elementor-field-required\">\n\t\t\t\t\t\t\t\t\t\t\t\t<label for=\"form-field-emailnewsletter\" class=\"elementor-field-label\">\n\t\t\t\t\t\t\t\tEmail\t\t\t\t\t\t\t<\/label>\n\t\t\t\t\t\t\t\t\t\t\t\t\t\t<input size=\"1\" type=\"email\" name=\"form_fields[emailnewsletter]\" id=\"form-field-emailnewsletter\" class=\"elementor-field elementor-size-md  elementor-field-textual\" placeholder=\"Email de contacto\" required=\"required\">\n\t\t\t\t\t\t\t\t\t\t\t<\/div>\n\t\t\t\t\t\t\t\t<div class=\"elementor-field-type-text\">\n\t\t\t\t\t<input size=\"1\" type=\"text\" name=\"form_fields[field_431307d]\" id=\"form-field-field_431307d\" class=\"elementor-field elementor-size-md \" style=\"display:none !important;\">\t\t\t\t<\/div>\n\t\t\t\t\t\t\t\t<div class=\"elementor-field-type-recaptcha_v3 elementor-field-group elementor-column elementor-field-group-field_8fd0cd2 elementor-col-100 recaptcha_v3-inline\">\n\t\t\t\t\t<div class=\"elementor-field\" id=\"form-field-field_8fd0cd2\"><div class=\"elementor-g-recaptcha\" data-sitekey=\"6Lc2T3IrAAAAADSh9cNspFv2Da2utiENL403Afy7\" data-type=\"v3\" data-action=\"Form\" data-badge=\"inline\" data-size=\"invisible\"><\/div><\/div>\t\t\t\t<\/div>\n\t\t\t\t\t\t\t\t<div class=\"elementor-field-group elementor-column elementor-field-type-submit elementor-col-100 e-form__buttons\">\n\t\t\t\t\t<button class=\"elementor-button elementor-size-md\" type=\"submit\">\n\t\t\t\t\t\t<span class=\"elementor-button-content-wrapper\">\n\t\t\t\t\t\t\t\t\t\t\t\t\t\t\t<span class=\"elementor-button-icon\">\n\t\t\t\t\t\t\t\t\t<svg aria-hidden=\"true\" class=\"e-font-icon-svg e-fas-arrow-right\" viewBox=\"0 0 448 512\" xmlns=\"http:\/\/www.w3.org\/2000\/svg\"><path d=\"M190.5 66.9l22.2-22.2c9.4-9.4 24.6-9.4 33.9 0L441 239c9.4 9.4 9.4 24.6 0 33.9L246.6 467.3c-9.4 9.4-24.6 9.4-33.9 0l-22.2-22.2c-9.5-9.5-9.3-25 .4-34.3L311.4 296H24c-13.3 0-24-10.7-24-24v-32c0-13.3 10.7-24 24-24h287.4L190.9 101.2c-9.8-9.3-10-24.8-.4-34.3z\"><\/path><\/svg>\t\t\t\t\t\t\t\t\t\t\t\t\t\t\t\t\t<\/span>\n\t\t\t\t\t\t\t\t\t\t\t\t\t\t\t\t\t\t\t\t\t\t<span class=\"elementor-button-text\">Suscribime<\/span>\n\t\t\t\t\t\t\t\t\t\t\t\t\t<\/span>\n\t\t\t\t\t<\/button>\n\t\t\t\t<\/div>\n\t\t\t<\/div>\n\t\t<\/form>\n\t\t\t\t\t\t<\/div>\n\t\t\t\t<\/div>\n\t\t\t\t\t<\/div>\n\t\t\t\t<\/div>\n\t\t\t\t<div class=\"elementor-element elementor-element-c1d9956 elementor-absolute elementor-widget elementor-widget-text-editor\" data-id=\"c1d9956\" data-element_type=\"widget\" data-e-type=\"widget\" data-settings=\"{&quot;_position&quot;:&quot;absolute&quot;}\" data-widget_type=\"text-editor.default\">\n\t\t\t\t\t\t\t\t\t<p>\u00a9 Eliseo Misciu<\/p>\t\t\t\t\t\t\t\t<\/div>\n\t\t\t\t<\/div>\n\t\t\t\t<\/div>\n\t\t","protected":false},"excerpt":{"rendered":"<p>Suscribite para recibir novedades y oportunidades por email. \u00a9 Eliseo Misciu<\/p>\n","protected":false},"author":1,"featured_media":37886,"parent":17,"menu_order":5,"comment_status":"closed","ping_status":"closed","template":"","meta":{"_jet_sm_ready_style":"","_jet_sm_style":"","_jet_sm_controls_values":"","_jet_sm_fonts_collection":"","_jet_sm_fonts_links":"","footnotes":""},"class_list":["post-38067","page","type-page","status-publish","has-post-thumbnail","hentry"],"yoast_head":"<!-- This site is optimized with the Yoast SEO plugin v27.5 - https:\/\/yoast.com\/product\/yoast-seo-wordpress\/ -->\n<title>Newsletter - Fundaci\u00f3n Mac\u00e1 Tobiano<\/title>\n<meta name=\"description\" content=\"Suscribite al newsletter de la Fundaci\u00f3n Mac\u00e1 Tobiano para recibir novedades sobre nuestro trabajo y oportunidades por email.\" \/>\n<meta name=\"robots\" content=\"index, follow, max-snippet:-1, max-image-preview:large, max-video-preview:-1\" \/>\n<link rel=\"canonical\" href=\"https:\/\/macatobiano.org\/es\/nosotros\/newsletter\/\" \/>\n<meta property=\"og:locale\" content=\"es_ES\" \/>\n<meta property=\"og:type\" content=\"article\" \/>\n<meta property=\"og:title\" content=\"Newsletter - Fundaci\u00f3n Mac\u00e1 Tobiano\" \/>\n<meta property=\"og:description\" content=\"Suscribite al newsletter de la Fundaci\u00f3n Mac\u00e1 Tobiano para recibir novedades sobre nuestro trabajo y oportunidades por email.\" \/>\n<meta property=\"og:url\" content=\"https:\/\/macatobiano.org\/es\/nosotros\/newsletter\/\" \/>\n<meta property=\"og:site_name\" content=\"Fundaci\u00f3n Mac\u00e1 Tobiano\" \/>\n<meta property=\"article:publisher\" content=\"https:\/\/www.facebook.com\/fundacionmacatobiano\" \/>\n<meta property=\"article:modified_time\" content=\"2025-11-23T21:22:10+00:00\" \/>\n<meta property=\"og:image\" content=\"https:\/\/macatobiano.org\/wp-content\/uploads\/2025\/10\/Opengraph-Nosotros.jpg\" \/>\n\t<meta property=\"og:image:width\" content=\"1200\" \/>\n\t<meta property=\"og:image:height\" content=\"630\" \/>\n\t<meta property=\"og:image:type\" content=\"image\/jpeg\" \/>\n<meta name=\"twitter:card\" content=\"summary_large_image\" \/>\n<meta name=\"twitter:site\" content=\"@macatobiano_org\" \/>\n<meta name=\"twitter:label1\" content=\"Tiempo de lectura\" \/>\n\t<meta name=\"twitter:data1\" content=\"1 minuto\" \/>\n<script type=\"application\/ld+json\" class=\"yoast-schema-graph\">{\"@context\":\"https:\\\/\\\/schema.org\",\"@graph\":[{\"@type\":\"WebPage\",\"@id\":\"https:\\\/\\\/macatobiano.org\\\/es\\\/nosotros\\\/newsletter\\\/\",\"url\":\"https:\\\/\\\/macatobiano.org\\\/es\\\/nosotros\\\/newsletter\\\/\",\"name\":\"Newsletter - Fundaci\u00f3n Mac\u00e1 Tobiano\",\"isPartOf\":{\"@id\":\"https:\\\/\\\/macatobiano.org\\\/es\\\/#website\"},\"primaryImageOfPage\":{\"@id\":\"https:\\\/\\\/macatobiano.org\\\/es\\\/nosotros\\\/newsletter\\\/#primaryimage\"},\"image\":{\"@id\":\"https:\\\/\\\/macatobiano.org\\\/es\\\/nosotros\\\/newsletter\\\/#primaryimage\"},\"thumbnailUrl\":\"https:\\\/\\\/macatobiano.org\\\/wp-content\\\/uploads\\\/2025\\\/10\\\/Opengraph-Nosotros.jpg\",\"datePublished\":\"2025-10-08T20:09:38+00:00\",\"dateModified\":\"2025-11-23T21:22:10+00:00\",\"description\":\"Suscribite al newsletter de la Fundaci\u00f3n Mac\u00e1 Tobiano para recibir novedades sobre nuestro trabajo y oportunidades por email.\",\"breadcrumb\":{\"@id\":\"https:\\\/\\\/macatobiano.org\\\/es\\\/nosotros\\\/newsletter\\\/#breadcrumb\"},\"inLanguage\":\"es\",\"potentialAction\":[{\"@type\":\"ReadAction\",\"target\":[\"https:\\\/\\\/macatobiano.org\\\/es\\\/nosotros\\\/newsletter\\\/\"]}]},{\"@type\":\"ImageObject\",\"inLanguage\":\"es\",\"@id\":\"https:\\\/\\\/macatobiano.org\\\/es\\\/nosotros\\\/newsletter\\\/#primaryimage\",\"url\":\"https:\\\/\\\/macatobiano.org\\\/wp-content\\\/uploads\\\/2025\\\/10\\\/Opengraph-Nosotros.jpg\",\"contentUrl\":\"https:\\\/\\\/macatobiano.org\\\/wp-content\\\/uploads\\\/2025\\\/10\\\/Opengraph-Nosotros.jpg\",\"width\":1200,\"height\":630},{\"@type\":\"BreadcrumbList\",\"@id\":\"https:\\\/\\\/macatobiano.org\\\/es\\\/nosotros\\\/newsletter\\\/#breadcrumb\",\"itemListElement\":[{\"@type\":\"ListItem\",\"position\":1,\"name\":\"Portada\",\"item\":\"https:\\\/\\\/macatobiano.org\\\/es\\\/\"},{\"@type\":\"ListItem\",\"position\":2,\"name\":\"Nosotros\",\"item\":\"https:\\\/\\\/macatobiano.org\\\/es\\\/nosotros\\\/\"},{\"@type\":\"ListItem\",\"position\":3,\"name\":\"Newsletter\"}]},{\"@type\":\"WebSite\",\"@id\":\"https:\\\/\\\/macatobiano.org\\\/es\\\/#website\",\"url\":\"https:\\\/\\\/macatobiano.org\\\/es\\\/\",\"name\":\"Fundaci\u00f3n Mac\u00e1 Tobiano\",\"description\":\"Somos la Fundaci\u00f3n Mac\u00e1 Tobiano. Trabajamos para la conservaci\u00f3n de la biodiversidad patag\u00f3nica Argentina.\",\"publisher\":{\"@id\":\"https:\\\/\\\/macatobiano.org\\\/es\\\/#organization\"},\"alternateName\":\"Fundaci\u00f3n Mac\u00e1 Tobiano\",\"potentialAction\":[{\"@type\":\"SearchAction\",\"target\":{\"@type\":\"EntryPoint\",\"urlTemplate\":\"https:\\\/\\\/macatobiano.org\\\/es\\\/?s={search_term_string}\"},\"query-input\":{\"@type\":\"PropertyValueSpecification\",\"valueRequired\":true,\"valueName\":\"search_term_string\"}}],\"inLanguage\":\"es\"},{\"@type\":\"Organization\",\"@id\":\"https:\\\/\\\/macatobiano.org\\\/es\\\/#organization\",\"name\":\"Fundaci\u00f3n Mac\u00e1 Tobiano\",\"alternateName\":\"Fundaci\u00f3n Mac\u00e1 Tobiano\",\"url\":\"https:\\\/\\\/macatobiano.org\\\/es\\\/\",\"logo\":{\"@type\":\"ImageObject\",\"inLanguage\":\"es\",\"@id\":\"https:\\\/\\\/macatobiano.org\\\/es\\\/#\\\/schema\\\/logo\\\/image\\\/\",\"url\":\"https:\\\/\\\/macatobiano.org\\\/wp-content\\\/uploads\\\/2025\\\/07\\\/Flavicon-fmt.png\",\"contentUrl\":\"https:\\\/\\\/macatobiano.org\\\/wp-content\\\/uploads\\\/2025\\\/07\\\/Flavicon-fmt.png\",\"width\":512,\"height\":513,\"caption\":\"Fundaci\u00f3n Mac\u00e1 Tobiano\"},\"image\":{\"@id\":\"https:\\\/\\\/macatobiano.org\\\/es\\\/#\\\/schema\\\/logo\\\/image\\\/\"},\"sameAs\":[\"https:\\\/\\\/www.facebook.com\\\/fundacionmacatobiano\",\"https:\\\/\\\/x.com\\\/macatobiano_org\",\"https:\\\/\\\/www.instagram.com\\\/fundacionmacatobiano\",\"https:\\\/\\\/www.youtube.com\\\/@fundacionmacatobiano\"]}]}<\/script>\n<!-- \/ Yoast SEO plugin. -->","yoast_head_json":{"title":"Newsletter - Fundaci\u00f3n Mac\u00e1 Tobiano","description":"Suscribite al newsletter de la Fundaci\u00f3n Mac\u00e1 Tobiano para recibir novedades sobre nuestro trabajo y oportunidades por email.","robots":{"index":"index","follow":"follow","max-snippet":"max-snippet:-1","max-image-preview":"max-image-preview:large","max-video-preview":"max-video-preview:-1"},"canonical":"https:\/\/macatobiano.org\/es\/nosotros\/newsletter\/","og_locale":"es_ES","og_type":"article","og_title":"Newsletter - Fundaci\u00f3n Mac\u00e1 Tobiano","og_description":"Suscribite al newsletter de la Fundaci\u00f3n Mac\u00e1 Tobiano para recibir novedades sobre nuestro trabajo y oportunidades por email.","og_url":"https:\/\/macatobiano.org\/es\/nosotros\/newsletter\/","og_site_name":"Fundaci\u00f3n Mac\u00e1 Tobiano","article_publisher":"https:\/\/www.facebook.com\/fundacionmacatobiano","article_modified_time":"2025-11-23T21:22:10+00:00","og_image":[{"width":1200,"height":630,"url":"https:\/\/macatobiano.org\/wp-content\/uploads\/2025\/10\/Opengraph-Nosotros.jpg","type":"image\/jpeg"}],"twitter_card":"summary_large_image","twitter_site":"@macatobiano_org","twitter_misc":{"Tiempo de lectura":"1 minuto"},"schema":{"@context":"https:\/\/schema.org","@graph":[{"@type":"WebPage","@id":"https:\/\/macatobiano.org\/es\/nosotros\/newsletter\/","url":"https:\/\/macatobiano.org\/es\/nosotros\/newsletter\/","name":"Newsletter - Fundaci\u00f3n Mac\u00e1 Tobiano","isPartOf":{"@id":"https:\/\/macatobiano.org\/es\/#website"},"primaryImageOfPage":{"@id":"https:\/\/macatobiano.org\/es\/nosotros\/newsletter\/#primaryimage"},"image":{"@id":"https:\/\/macatobiano.org\/es\/nosotros\/newsletter\/#primaryimage"},"thumbnailUrl":"https:\/\/macatobiano.org\/wp-content\/uploads\/2025\/10\/Opengraph-Nosotros.jpg","datePublished":"2025-10-08T20:09:38+00:00","dateModified":"2025-11-23T21:22:10+00:00","description":"Suscribite al newsletter de la Fundaci\u00f3n Mac\u00e1 Tobiano para recibir novedades sobre nuestro trabajo y oportunidades por email.","breadcrumb":{"@id":"https:\/\/macatobiano.org\/es\/nosotros\/newsletter\/#breadcrumb"},"inLanguage":"es","potentialAction":[{"@type":"ReadAction","target":["https:\/\/macatobiano.org\/es\/nosotros\/newsletter\/"]}]},{"@type":"ImageObject","inLanguage":"es","@id":"https:\/\/macatobiano.org\/es\/nosotros\/newsletter\/#primaryimage","url":"https:\/\/macatobiano.org\/wp-content\/uploads\/2025\/10\/Opengraph-Nosotros.jpg","contentUrl":"https:\/\/macatobiano.org\/wp-content\/uploads\/2025\/10\/Opengraph-Nosotros.jpg","width":1200,"height":630},{"@type":"BreadcrumbList","@id":"https:\/\/macatobiano.org\/es\/nosotros\/newsletter\/#breadcrumb","itemListElement":[{"@type":"ListItem","position":1,"name":"Portada","item":"https:\/\/macatobiano.org\/es\/"},{"@type":"ListItem","position":2,"name":"Nosotros","item":"https:\/\/macatobiano.org\/es\/nosotros\/"},{"@type":"ListItem","position":3,"name":"Newsletter"}]},{"@type":"WebSite","@id":"https:\/\/macatobiano.org\/es\/#website","url":"https:\/\/macatobiano.org\/es\/","name":"Fundaci\u00f3n Mac\u00e1 Tobiano","description":"Somos la Fundaci\u00f3n Mac\u00e1 Tobiano. Trabajamos para la conservaci\u00f3n de la biodiversidad patag\u00f3nica Argentina.","publisher":{"@id":"https:\/\/macatobiano.org\/es\/#organization"},"alternateName":"Fundaci\u00f3n Mac\u00e1 Tobiano","potentialAction":[{"@type":"SearchAction","target":{"@type":"EntryPoint","urlTemplate":"https:\/\/macatobiano.org\/es\/?s={search_term_string}"},"query-input":{"@type":"PropertyValueSpecification","valueRequired":true,"valueName":"search_term_string"}}],"inLanguage":"es"},{"@type":"Organization","@id":"https:\/\/macatobiano.org\/es\/#organization","name":"Fundaci\u00f3n Mac\u00e1 Tobiano","alternateName":"Fundaci\u00f3n Mac\u00e1 Tobiano","url":"https:\/\/macatobiano.org\/es\/","logo":{"@type":"ImageObject","inLanguage":"es","@id":"https:\/\/macatobiano.org\/es\/#\/schema\/logo\/image\/","url":"https:\/\/macatobiano.org\/wp-content\/uploads\/2025\/07\/Flavicon-fmt.png","contentUrl":"https:\/\/macatobiano.org\/wp-content\/uploads\/2025\/07\/Flavicon-fmt.png","width":512,"height":513,"caption":"Fundaci\u00f3n Mac\u00e1 Tobiano"},"image":{"@id":"https:\/\/macatobiano.org\/es\/#\/schema\/logo\/image\/"},"sameAs":["https:\/\/www.facebook.com\/fundacionmacatobiano","https:\/\/x.com\/macatobiano_org","https:\/\/www.instagram.com\/fundacionmacatobiano","https:\/\/www.youtube.com\/@fundacionmacatobiano"]}]}},"_links":{"self":[{"href":"https:\/\/macatobiano.org\/es\/wp-json\/wp\/v2\/pages\/38067","targetHints":{"allow":["GET"]}}],"collection":[{"href":"https:\/\/macatobiano.org\/es\/wp-json\/wp\/v2\/pages"}],"about":[{"href":"https:\/\/macatobiano.org\/es\/wp-json\/wp\/v2\/types\/page"}],"author":[{"embeddable":true,"href":"https:\/\/macatobiano.org\/es\/wp-json\/wp\/v2\/users\/1"}],"replies":[{"embeddable":true,"href":"https:\/\/macatobiano.org\/es\/wp-json\/wp\/v2\/comments?post=38067"}],"version-history":[{"count":17,"href":"https:\/\/macatobiano.org\/es\/wp-json\/wp\/v2\/pages\/38067\/revisions"}],"predecessor-version":[{"id":40808,"href":"https:\/\/macatobiano.org\/es\/wp-json\/wp\/v2\/pages\/38067\/revisions\/40808"}],"up":[{"embeddable":true,"href":"https:\/\/macatobiano.org\/es\/wp-json\/wp\/v2\/pages\/17"}],"wp:featuredmedia":[{"embeddable":true,"href":"https:\/\/macatobiano.org\/es\/wp-json\/wp\/v2\/media\/37886"}],"wp:attachment":[{"href":"https:\/\/macatobiano.org\/es\/wp-json\/wp\/v2\/media?parent=38067"}],"curies":[{"name":"wp","href":"https:\/\/api.w.org\/{rel}","templated":true}]}}