{"id":10616,"date":"2024-02-23T22:08:56","date_gmt":"2024-02-23T22:08:56","guid":{"rendered":"https:\/\/macatobiano.org\/?page_id=10616"},"modified":"2025-10-08T00:34:19","modified_gmt":"2025-10-08T00:34:19","slug":"restauracion","status":"publish","type":"page","link":"https:\/\/macatobiano.org\/es\/programas\/restauracion\/","title":{"rendered":"Programa de Restauraci\u00f3n y Control de Especies Invasoras"},"content":{"rendered":"","protected":false},"excerpt":{"rendered":"","protected":false},"author":1,"featured_media":37895,"parent":10062,"menu_order":4,"comment_status":"closed","ping_status":"closed","template":"elementor_theme","meta":{"_jet_sm_ready_style":"","_jet_sm_style":"","_jet_sm_controls_values":"","_jet_sm_fonts_collection":"","_jet_sm_fonts_links":"","footnotes":""},"class_list":["post-10616","page","type-page","status-publish","has-post-thumbnail","hentry"],"yoast_head":"<!-- This site is optimized with the Yoast SEO plugin v27.5 - https:\/\/yoast.com\/product\/yoast-seo-wordpress\/ -->\n<title>Programa de Restauraci\u00f3n y Control de Especies Invasoras - Fundaci\u00f3n Mac\u00e1 Tobiano<\/title>\n<meta name=\"description\" content=\"Conoc\u00e9 al Programa de Restauraci\u00f3n y Control de Especies Invasoras de la Fundaci\u00f3n Mac\u00e1 Tobiano. Explor\u00e1 sus proyectos de conservaci\u00f3n.\" \/>\n<meta name=\"robots\" content=\"index, follow, max-snippet:-1, max-image-preview:large, max-video-preview:-1\" \/>\n<link rel=\"canonical\" href=\"https:\/\/macatobiano.org\/es\/programas\/restauracion\/\" \/>\n<meta property=\"og:locale\" content=\"es_ES\" \/>\n<meta property=\"og:type\" content=\"article\" \/>\n<meta property=\"og:title\" content=\"Programa de Restauraci\u00f3n y Control de Especies Invasoras - Fundaci\u00f3n Mac\u00e1 Tobiano\" \/>\n<meta property=\"og:description\" content=\"Conoc\u00e9 al Programa de Restauraci\u00f3n y Control de Especies Invasoras de la Fundaci\u00f3n Mac\u00e1 Tobiano. Explor\u00e1 sus proyectos de conservaci\u00f3n.\" \/>\n<meta property=\"og:url\" content=\"https:\/\/macatobiano.org\/es\/programas\/restauracion\/\" \/>\n<meta property=\"og:site_name\" content=\"Fundaci\u00f3n Mac\u00e1 Tobiano\" \/>\n<meta property=\"article:publisher\" content=\"https:\/\/www.facebook.com\/fundacionmacatobiano\" \/>\n<meta property=\"article:modified_time\" content=\"2025-10-08T00:34:19+00:00\" \/>\n<meta property=\"og:image\" content=\"https:\/\/macatobiano.org\/wp-content\/uploads\/2025\/10\/Opengraph-Programa-Invasoras.jpg\" \/>\n\t<meta property=\"og:image:width\" content=\"1200\" \/>\n\t<meta property=\"og:image:height\" content=\"630\" \/>\n\t<meta property=\"og:image:type\" content=\"image\/jpeg\" \/>\n<meta name=\"twitter:card\" content=\"summary_large_image\" \/>\n<meta name=\"twitter:site\" content=\"@macatobiano_org\" \/>\n<meta name=\"twitter:label1\" content=\"Tiempo de lectura\" \/>\n\t<meta name=\"twitter:data1\" content=\"1 minuto\" \/>\n<script type=\"application\/ld+json\" class=\"yoast-schema-graph\">{\"@context\":\"https:\\\/\\\/schema.org\",\"@graph\":[{\"@type\":\"WebPage\",\"@id\":\"https:\\\/\\\/macatobiano.org\\\/es\\\/programas\\\/restauracion\\\/\",\"url\":\"https:\\\/\\\/macatobiano.org\\\/es\\\/programas\\\/restauracion\\\/\",\"name\":\"Programa de Restauraci\u00f3n y Control de Especies Invasoras - Fundaci\u00f3n Mac\u00e1 Tobiano\",\"isPartOf\":{\"@id\":\"https:\\\/\\\/macatobiano.org\\\/es\\\/#website\"},\"primaryImageOfPage\":{\"@id\":\"https:\\\/\\\/macatobiano.org\\\/es\\\/programas\\\/restauracion\\\/#primaryimage\"},\"image\":{\"@id\":\"https:\\\/\\\/macatobiano.org\\\/es\\\/programas\\\/restauracion\\\/#primaryimage\"},\"thumbnailUrl\":\"https:\\\/\\\/macatobiano.org\\\/wp-content\\\/uploads\\\/2025\\\/10\\\/Opengraph-Programa-Invasoras.jpg\",\"datePublished\":\"2024-02-23T22:08:56+00:00\",\"dateModified\":\"2025-10-08T00:34:19+00:00\",\"description\":\"Conoc\u00e9 al Programa de Restauraci\u00f3n y Control de Especies Invasoras de la Fundaci\u00f3n Mac\u00e1 Tobiano. Explor\u00e1 sus proyectos de conservaci\u00f3n.\",\"breadcrumb\":{\"@id\":\"https:\\\/\\\/macatobiano.org\\\/es\\\/programas\\\/restauracion\\\/#breadcrumb\"},\"inLanguage\":\"es\",\"potentialAction\":[{\"@type\":\"ReadAction\",\"target\":[\"https:\\\/\\\/macatobiano.org\\\/es\\\/programas\\\/restauracion\\\/\"]}]},{\"@type\":\"ImageObject\",\"inLanguage\":\"es\",\"@id\":\"https:\\\/\\\/macatobiano.org\\\/es\\\/programas\\\/restauracion\\\/#primaryimage\",\"url\":\"https:\\\/\\\/macatobiano.org\\\/wp-content\\\/uploads\\\/2025\\\/10\\\/Opengraph-Programa-Invasoras.jpg\",\"contentUrl\":\"https:\\\/\\\/macatobiano.org\\\/wp-content\\\/uploads\\\/2025\\\/10\\\/Opengraph-Programa-Invasoras.jpg\",\"width\":1200,\"height\":630},{\"@type\":\"BreadcrumbList\",\"@id\":\"https:\\\/\\\/macatobiano.org\\\/es\\\/programas\\\/restauracion\\\/#breadcrumb\",\"itemListElement\":[{\"@type\":\"ListItem\",\"position\":1,\"name\":\"Portada\",\"item\":\"https:\\\/\\\/macatobiano.org\\\/es\\\/\"},{\"@type\":\"ListItem\",\"position\":2,\"name\":\"Programas\",\"item\":\"https:\\\/\\\/macatobiano.org\\\/es\\\/programas\\\/\"},{\"@type\":\"ListItem\",\"position\":3,\"name\":\"Programa de Restauraci\u00f3n y Control de Especies Invasoras\"}]},{\"@type\":\"WebSite\",\"@id\":\"https:\\\/\\\/macatobiano.org\\\/es\\\/#website\",\"url\":\"https:\\\/\\\/macatobiano.org\\\/es\\\/\",\"name\":\"Fundaci\u00f3n Mac\u00e1 Tobiano\",\"description\":\"Somos la Fundaci\u00f3n Mac\u00e1 Tobiano. Trabajamos para la conservaci\u00f3n de la biodiversidad patag\u00f3nica Argentina.\",\"publisher\":{\"@id\":\"https:\\\/\\\/macatobiano.org\\\/es\\\/#organization\"},\"alternateName\":\"Fundaci\u00f3n Mac\u00e1 Tobiano\",\"potentialAction\":[{\"@type\":\"SearchAction\",\"target\":{\"@type\":\"EntryPoint\",\"urlTemplate\":\"https:\\\/\\\/macatobiano.org\\\/es\\\/?s={search_term_string}\"},\"query-input\":{\"@type\":\"PropertyValueSpecification\",\"valueRequired\":true,\"valueName\":\"search_term_string\"}}],\"inLanguage\":\"es\"},{\"@type\":\"Organization\",\"@id\":\"https:\\\/\\\/macatobiano.org\\\/es\\\/#organization\",\"name\":\"Fundaci\u00f3n Mac\u00e1 Tobiano\",\"alternateName\":\"Fundaci\u00f3n Mac\u00e1 Tobiano\",\"url\":\"https:\\\/\\\/macatobiano.org\\\/es\\\/\",\"logo\":{\"@type\":\"ImageObject\",\"inLanguage\":\"es\",\"@id\":\"https:\\\/\\\/macatobiano.org\\\/es\\\/#\\\/schema\\\/logo\\\/image\\\/\",\"url\":\"https:\\\/\\\/macatobiano.org\\\/wp-content\\\/uploads\\\/2025\\\/07\\\/Flavicon-fmt.png\",\"contentUrl\":\"https:\\\/\\\/macatobiano.org\\\/wp-content\\\/uploads\\\/2025\\\/07\\\/Flavicon-fmt.png\",\"width\":512,\"height\":513,\"caption\":\"Fundaci\u00f3n Mac\u00e1 Tobiano\"},\"image\":{\"@id\":\"https:\\\/\\\/macatobiano.org\\\/es\\\/#\\\/schema\\\/logo\\\/image\\\/\"},\"sameAs\":[\"https:\\\/\\\/www.facebook.com\\\/fundacionmacatobiano\",\"https:\\\/\\\/x.com\\\/macatobiano_org\",\"https:\\\/\\\/www.instagram.com\\\/fundacionmacatobiano\",\"https:\\\/\\\/www.youtube.com\\\/@fundacionmacatobiano\"]}]}<\/script>\n<!-- \/ Yoast SEO plugin. -->","yoast_head_json":{"title":"Programa de Restauraci\u00f3n y Control de Especies Invasoras - Fundaci\u00f3n Mac\u00e1 Tobiano","description":"Conoc\u00e9 al Programa de Restauraci\u00f3n y Control de Especies Invasoras de la Fundaci\u00f3n Mac\u00e1 Tobiano. Explor\u00e1 sus proyectos de conservaci\u00f3n.","robots":{"index":"index","follow":"follow","max-snippet":"max-snippet:-1","max-image-preview":"max-image-preview:large","max-video-preview":"max-video-preview:-1"},"canonical":"https:\/\/macatobiano.org\/es\/programas\/restauracion\/","og_locale":"es_ES","og_type":"article","og_title":"Programa de Restauraci\u00f3n y Control de Especies Invasoras - Fundaci\u00f3n Mac\u00e1 Tobiano","og_description":"Conoc\u00e9 al Programa de Restauraci\u00f3n y Control de Especies Invasoras de la Fundaci\u00f3n Mac\u00e1 Tobiano. Explor\u00e1 sus proyectos de conservaci\u00f3n.","og_url":"https:\/\/macatobiano.org\/es\/programas\/restauracion\/","og_site_name":"Fundaci\u00f3n Mac\u00e1 Tobiano","article_publisher":"https:\/\/www.facebook.com\/fundacionmacatobiano","article_modified_time":"2025-10-08T00:34:19+00:00","og_image":[{"width":1200,"height":630,"url":"https:\/\/macatobiano.org\/wp-content\/uploads\/2025\/10\/Opengraph-Programa-Invasoras.jpg","type":"image\/jpeg"}],"twitter_card":"summary_large_image","twitter_site":"@macatobiano_org","twitter_misc":{"Tiempo de lectura":"1 minuto"},"schema":{"@context":"https:\/\/schema.org","@graph":[{"@type":"WebPage","@id":"https:\/\/macatobiano.org\/es\/programas\/restauracion\/","url":"https:\/\/macatobiano.org\/es\/programas\/restauracion\/","name":"Programa de Restauraci\u00f3n y Control de Especies Invasoras - Fundaci\u00f3n Mac\u00e1 Tobiano","isPartOf":{"@id":"https:\/\/macatobiano.org\/es\/#website"},"primaryImageOfPage":{"@id":"https:\/\/macatobiano.org\/es\/programas\/restauracion\/#primaryimage"},"image":{"@id":"https:\/\/macatobiano.org\/es\/programas\/restauracion\/#primaryimage"},"thumbnailUrl":"https:\/\/macatobiano.org\/wp-content\/uploads\/2025\/10\/Opengraph-Programa-Invasoras.jpg","datePublished":"2024-02-23T22:08:56+00:00","dateModified":"2025-10-08T00:34:19+00:00","description":"Conoc\u00e9 al Programa de Restauraci\u00f3n y Control de Especies Invasoras de la Fundaci\u00f3n Mac\u00e1 Tobiano. Explor\u00e1 sus proyectos de conservaci\u00f3n.","breadcrumb":{"@id":"https:\/\/macatobiano.org\/es\/programas\/restauracion\/#breadcrumb"},"inLanguage":"es","potentialAction":[{"@type":"ReadAction","target":["https:\/\/macatobiano.org\/es\/programas\/restauracion\/"]}]},{"@type":"ImageObject","inLanguage":"es","@id":"https:\/\/macatobiano.org\/es\/programas\/restauracion\/#primaryimage","url":"https:\/\/macatobiano.org\/wp-content\/uploads\/2025\/10\/Opengraph-Programa-Invasoras.jpg","contentUrl":"https:\/\/macatobiano.org\/wp-content\/uploads\/2025\/10\/Opengraph-Programa-Invasoras.jpg","width":1200,"height":630},{"@type":"BreadcrumbList","@id":"https:\/\/macatobiano.org\/es\/programas\/restauracion\/#breadcrumb","itemListElement":[{"@type":"ListItem","position":1,"name":"Portada","item":"https:\/\/macatobiano.org\/es\/"},{"@type":"ListItem","position":2,"name":"Programas","item":"https:\/\/macatobiano.org\/es\/programas\/"},{"@type":"ListItem","position":3,"name":"Programa de Restauraci\u00f3n y Control de Especies Invasoras"}]},{"@type":"WebSite","@id":"https:\/\/macatobiano.org\/es\/#website","url":"https:\/\/macatobiano.org\/es\/","name":"Fundaci\u00f3n Mac\u00e1 Tobiano","description":"Somos la Fundaci\u00f3n Mac\u00e1 Tobiano. Trabajamos para la conservaci\u00f3n de la biodiversidad patag\u00f3nica Argentina.","publisher":{"@id":"https:\/\/macatobiano.org\/es\/#organization"},"alternateName":"Fundaci\u00f3n Mac\u00e1 Tobiano","potentialAction":[{"@type":"SearchAction","target":{"@type":"EntryPoint","urlTemplate":"https:\/\/macatobiano.org\/es\/?s={search_term_string}"},"query-input":{"@type":"PropertyValueSpecification","valueRequired":true,"valueName":"search_term_string"}}],"inLanguage":"es"},{"@type":"Organization","@id":"https:\/\/macatobiano.org\/es\/#organization","name":"Fundaci\u00f3n Mac\u00e1 Tobiano","alternateName":"Fundaci\u00f3n Mac\u00e1 Tobiano","url":"https:\/\/macatobiano.org\/es\/","logo":{"@type":"ImageObject","inLanguage":"es","@id":"https:\/\/macatobiano.org\/es\/#\/schema\/logo\/image\/","url":"https:\/\/macatobiano.org\/wp-content\/uploads\/2025\/07\/Flavicon-fmt.png","contentUrl":"https:\/\/macatobiano.org\/wp-content\/uploads\/2025\/07\/Flavicon-fmt.png","width":512,"height":513,"caption":"Fundaci\u00f3n Mac\u00e1 Tobiano"},"image":{"@id":"https:\/\/macatobiano.org\/es\/#\/schema\/logo\/image\/"},"sameAs":["https:\/\/www.facebook.com\/fundacionmacatobiano","https:\/\/x.com\/macatobiano_org","https:\/\/www.instagram.com\/fundacionmacatobiano","https:\/\/www.youtube.com\/@fundacionmacatobiano"]}]}},"_links":{"self":[{"href":"https:\/\/macatobiano.org\/es\/wp-json\/wp\/v2\/pages\/10616","targetHints":{"allow":["GET"]}}],"collection":[{"href":"https:\/\/macatobiano.org\/es\/wp-json\/wp\/v2\/pages"}],"about":[{"href":"https:\/\/macatobiano.org\/es\/wp-json\/wp\/v2\/types\/page"}],"author":[{"embeddable":true,"href":"https:\/\/macatobiano.org\/es\/wp-json\/wp\/v2\/users\/1"}],"replies":[{"embeddable":true,"href":"https:\/\/macatobiano.org\/es\/wp-json\/wp\/v2\/comments?post=10616"}],"version-history":[{"count":86,"href":"https:\/\/macatobiano.org\/es\/wp-json\/wp\/v2\/pages\/10616\/revisions"}],"predecessor-version":[{"id":34497,"href":"https:\/\/macatobiano.org\/es\/wp-json\/wp\/v2\/pages\/10616\/revisions\/34497"}],"up":[{"embeddable":true,"href":"https:\/\/macatobiano.org\/es\/wp-json\/wp\/v2\/pages\/10062"}],"wp:featuredmedia":[{"embeddable":true,"href":"https:\/\/macatobiano.org\/es\/wp-json\/wp\/v2\/media\/37895"}],"wp:attachment":[{"href":"https:\/\/macatobiano.org\/es\/wp-json\/wp\/v2\/media?parent=10616"}],"curies":[{"name":"wp","href":"https:\/\/api.w.org\/{rel}","templated":true}]}}